{"id":643,"date":"2020-07-23T18:33:20","date_gmt":"2020-07-23T18:33:20","guid":{"rendered":"http:\/\/stephan-live.de\/?page_id=643"},"modified":"2021-08-11T08:57:44","modified_gmt":"2021-08-11T08:57:44","slug":"beitraege-links-von-corona-ausschuss-de","status":"publish","type":"page","link":"http:\/\/stephan-live.de\/?page_id=643","title":{"rendered":"corona-ausschuss.de\/"},"content":{"rendered":"<h1 class=\"elementor-image-box-title\"><strong>Corona Ausschuss<\/strong><\/h1>\n<p class=\"elementor-image-box-description\">Wir wollen untersuchen, warum die Bundes- und Landesregierungen beispiellose Beschr\u00e4nkungen verh\u00e4ngt haben und welche Folgen diese f\u00fcr die Menschen hatten. Wir f\u00f6rdern wissenschaftliche Studien auf diesem Gebiet.<\/p>\n<p>Hier geht es zur Homepage des <a href=\"https:\/\/corona-ausschuss.de\/\">corona-ausschuss<\/a><\/p>\n<h1 class=\"title style-scope ytd-video-primary-info-renderer\"><strong>Aktuelle Sitzung des Corona Ausschuss<\/strong><\/h1>\n<p>Hier geht es zu Play liste der\u00a0<a class=\"yt-simple-endpoint style-scope yt-formatted-string\" dir=\"auto\" spellcheck=\"false\" href=\"https:\/\/www.youtube.com\/playlist?list=PLU2-jdr6VyjJb_gN5cPxmGafP8GR6UiGY\">Anh\u00f6rungen | Stiftung Corona-Ausschuss<\/a><\/p>\n<p><iframe loading=\"lazy\" title=\"Stiftung Corona-Ausschuss | Anh\u00f6rungen\" width=\"525\" height=\"295\" src=\"https:\/\/www.youtube.com\/embed\/videoseries?list=PLU2-jdr6VyjJb_gN5cPxmGafP8GR6UiGY\" frameborder=\"0\" allow=\"accelerometer; autoplay; encrypted-media; gyroscope; picture-in-picture\" allowfullscreen><\/iframe><\/p>\n<p>Quelle:\u00a0 <a class=\"yt-simple-endpoint style-scope yt-formatted-string\" dir=\"auto\" spellcheck=\"false\" href=\"https:\/\/www.youtube.com\/channel\/UCHFutW4T9dpZqGk6e0OZL9Q\">OVALmedia<\/a><\/p>\n<p>&nbsp;<\/p>\n","protected":false},"excerpt":{"rendered":"<p>Corona Ausschuss Wir wollen untersuchen, warum die Bundes- und Landesregierungen beispiellose Beschr\u00e4nkungen verh\u00e4ngt haben und welche Folgen diese f\u00fcr die Menschen hatten. Wir f\u00f6rdern wissenschaftliche Studien auf diesem Gebiet. Hier geht es zur Homepage des corona-ausschuss Aktuelle Sitzung des Corona Ausschuss Hier geht es zu Play liste der\u00a0Anh\u00f6rungen | Stiftung Corona-Ausschuss Quelle:\u00a0 OVALmedia &nbsp;<\/p>\n","protected":false},"author":1,"featured_media":0,"parent":0,"menu_order":0,"comment_status":"closed","ping_status":"closed","template":"","meta":[],"_links":{"self":[{"href":"http:\/\/stephan-live.de\/index.php?rest_route=\/wp\/v2\/pages\/643"}],"collection":[{"href":"http:\/\/stephan-live.de\/index.php?rest_route=\/wp\/v2\/pages"}],"about":[{"href":"http:\/\/stephan-live.de\/index.php?rest_route=\/wp\/v2\/types\/page"}],"author":[{"embeddable":true,"href":"http:\/\/stephan-live.de\/index.php?rest_route=\/wp\/v2\/users\/1"}],"replies":[{"embeddable":true,"href":"http:\/\/stephan-live.de\/index.php?rest_route=%2Fwp%2Fv2%2Fcomments&post=643"}],"version-history":[{"count":9,"href":"http:\/\/stephan-live.de\/index.php?rest_route=\/wp\/v2\/pages\/643\/revisions"}],"predecessor-version":[{"id":2259,"href":"http:\/\/stephan-live.de\/index.php?rest_route=\/wp\/v2\/pages\/643\/revisions\/2259"}],"wp:attachment":[{"href":"http:\/\/stephan-live.de\/index.php?rest_route=%2Fwp%2Fv2%2Fmedia&parent=643"}],"curies":[{"name":"wp","href":"https:\/\/api.w.org\/{rel}","templated":true}]}}